{"id":990,"date":"2015-06-19T13:32:44","date_gmt":"2015-06-19T11:32:44","guid":{"rendered":"http:\/\/www.fain-media.cz\/?page_id=990"},"modified":"2015-06-19T13:32:44","modified_gmt":"2015-06-19T11:32:44","slug":"podpora-a-sprava","status":"publish","type":"page","link":"https:\/\/www.fain-media.cz\/?page_id=990","title":{"rendered":"Podpora a spr\u00e1va"},"content":{"rendered":"<p><h2 class=\"intro-header\">Awesome service description<\/h2><div class=\"intro\">Lorem ipsum dolor sit amet, Lorem ipsum dolor sit amet, consectetur adipiscing elit. Donec hendrerit vehicula est, in consequat libero. Lorem ipsum dolor sit amet. Consectetur adipiscing elit.<\/div><\/p>\n<p>Donec a lectus lectus. Nullam sed lorem lacus. Aliquam et porttitor velit. Aenean bibendum, mauris id rhoncus egestas, tellus leo imperdiet turpis, ac tincidunt lacus sem vitae nisl. Sed sit amet urna ut neque dapibus imperdiet at at orci. Proin diam lectus, fringilla eu volutpat id, tristique ut nisi. Suspendisse sed nulla sed erat scelerisque consequat at ac quam. Maecenas mattis at turpis sit amet sagittis.<\/p>\n<hr class=\"sep40\" \/>\n<p><div class=\"metro-box green-gradient normal\"><div class=\"metro-box-icon\"><i class=\"icon-ok\"><\/i><\/div><div class=\"metro-box-title\"><h5>Green<\/h5><\/div><\/div><div class=\"metro-box red-gradient normal\"><div class=\"metro-box-icon\"><i class=\"icon-ok\"><\/i><\/div><div class=\"metro-box-title\"><h5>Red<\/h5><\/div><\/div><div class=\"metro-box violet-gradient normal last-in-row\"><div class=\"metro-box-icon\"><i class=\"icon-ok\"><\/i><\/div><div class=\"metro-box-title\"><h5>Violet<\/h5><\/div><\/div><div class=\"metro-box yellow-gradient normal\"><div class=\"metro-box-icon\"><i class=\"icon-ok\"><\/i><\/div><div class=\"metro-box-title\"><h5>Yellow<\/h5><\/div><\/div><div class=\"metro-box normal empty\"><div class=\"metro-box-icon\"><i class=\"icon-ok\"><\/i><\/div><\/div><div class=\"metro-box black-gradient wide\"><div class=\"metro-box-icon\"><i class=\"icon-ok\"><\/i><\/div><div class=\"metro-box-title\"><h5>Black<\/h5><\/div><\/div><a href=\"http:\/\/themes.themebakers.com\/weve_dev\/services\/\" class=\"metro-box orange-gradient normal last-in-row\"><div class=\"metro-box-photo\"><img alt=\"\" src=\"http:\/\/www.fain-media.cz\/wp-content\/uploads\/2013\/12\/zamek-choltice.jpg\"><\/div><div class=\"metro-box-icon\"><i class=\"icon-ok\"><\/i><\/div><div class=\"metro-box-title\"><h5>huhuhu<\/h5><\/div><\/a><\/p>\n<p>&nbsp;<\/p>\n<p>&nbsp;<\/p>\n<hr class=\"sep40\" \/>\n<p>&nbsp;<\/p>\n<h3>Service <strong>features<\/strong><\/h3>\n<div class=\"one-third\"><div class=\"feature-box\"><div class=\"feature-icon\"><i class=\"icon-tablet\"><\/i><\/div><div class=\"feature-info\"><h4 class=\"short\"><strong>Responsive<\/strong> design<\/h4>Lorem ipsum dolor sit amet, consectetur adipiscing elit.<\/p>\n<p><\/div><\/div><\/p>\n<p><div class=\"feature-box\"><div class=\"feature-icon\"><i class=\"icon-ok\"><\/i><\/div><div class=\"feature-info\"><h4 class=\"short\"><strong>Multipurpose<\/strong> template<\/h4>Lorem ipsum dolor sit amet, consectetur adipiscing elit.<\/p>\n<p><\/div><\/div><\/div>\n<div class=\"one-third last-in-row\"><div class=\"feature-box\"><div class=\"feature-icon\"><i class=\"icon-user\"><\/i><\/div><div class=\"feature-info\"><h4 class=\"short\"><strong>Easy<\/strong> to customize<\/h4>Lorem ipsum dolor sit amet, consectetur adipiscing elit.<\/p>\n<p><\/div><\/div><\/p>\n<p><div class=\"feature-box\"><div class=\"feature-icon\"><i class=\"icon-desktop\"><\/i><\/div><div class=\"feature-info\"><h4 class=\"short\"><strong>Metro<\/strong> style<\/h4>Lorem ipsum dolor sit amet, consectetur adipiscing elit.<\/p>\n<p><\/div><\/div><\/div>\n<div class=\"one-third last-in-row\"><div class=\"feature-box\"><div class=\"feature-icon\"><i class=\"icon-user\"><\/i><\/div><div class=\"feature-info\"><h4 class=\"short\"><strong>Easy<\/strong> to customize<\/h4>Lorem ipsum dolor sit amet, consectetur adipiscing elit.<\/p>\n<p><\/div><\/div><\/p>\n<p><div class=\"feature-box\"><div class=\"feature-icon\"><i class=\"icon-desktop\"><\/i><\/div><div class=\"feature-info\"><h4 class=\"short\"><strong>Metro<\/strong> style<\/h4>Lorem ipsum dolor sit amet, consectetur adipiscing elit.<\/p>\n<p><\/div><\/div><\/div>\n<hr class=\"sep40\" \/>\n<p>&nbsp;<\/p>\n<h3><strong>Why<\/strong> Us?<\/h3>\n<ul class=\"check\"><\/p>\n<ul>\n<li>Quisque mollis, nunc porta sodales tincidunt, ante nunc convallis lacus, et sodales erat libero vitae risus. Sed vehicula, sapien eu egestas dapibus, ipsum elit laoreet tortor, a dapibus justo tortor quis metus.<\/li>\n<li>Etiam ultricies, lorem at ultrices rutrum, massa ante tempus diam, venenatis varius arcu magna mattis mi.<\/li>\n<li>Quisque mollis, nunc porta sodales tincidunt, ante nunc convallis lacus, et sodales erat libero vitae risus. Sed vehicula, sapien eu egestas dapibus, ipsum elit laoreet tortor, a dapibus justo tortor quis metus.<\/li>\n<li>Etiam ultricies, lorem at ultrices rutrum, massa ante tempus diam, venenatis varius arcu magna mattis mi.<\/li>\n<\/ul>\n<p><\/ul>\n<h3><\/h3>\n<div class=\"pricing-table-default clearfix four-cols\"><div class=\"column features-list\"><\/p>\n<ul>\n<li>Bandwidth<\/li>\n<li>Storage<\/li>\n<li>Transaction Fee<\/li>\n<li>SSL Checkout<\/li>\n<li>SSL Admin<\/li>\n<li>Custom domains<\/li>\n<\/ul>\n<p><\/div><div class=\"column\"><div class=\"pricingplan-header\"><h3 class=\"title\">Trial<\/h3><span class=\"price\">99,95$<\/span><span class=\"type\">Single License<\/span><\/div><div class=\"pricingplan-body\"><\/p>\n<ul>\n<li>Unlimited<\/li>\n<li>4GB<\/li>\n<li>2,0%<\/li>\n<li><i class=\"icon-ok\"><\/i><\/li>\n<li>&#8211;<\/li>\n<li>&#8211;<\/li>\n<\/ul>\n<p><\/div><div class=\"column-end\"><a href=\"#\" class=\"button-outline default\">Buy it!<\/a><\/div><\/div><div class=\"column premium\"><div class=\"pricingplan-header\"><h3 class=\"title\">Premium<\/h3><span class=\"price\">15,95$<\/span><span class=\"type\">Single License<\/span><\/div><div class=\"pricingplan-body\"><\/p>\n<ul>\n<li>Unlimited<\/li>\n<li>8GB<\/li>\n<li>1,0%<\/li>\n<li><i class=\"icon-ok\"><\/i><\/li>\n<li><i class=\"icon-ok\"><\/i><\/li>\n<li>&#8211;<\/li>\n<\/ul>\n<p><\/div><div class=\"column-end\"><a href=\"#\" class=\"button-outline default\">Buy it!<\/a><\/div><\/div><div class=\"column\"><div class=\"pricingplan-header\"><h3 class=\"title\">Extended<\/h3><span class=\"price\">189,95$<\/span><span class=\"type\">Single License<\/span><\/div><div class=\"pricingplan-body\"><\/p>\n<ul>\n<li>Unlimited<\/li>\n<li>12GB<\/li>\n<li>0,5%<\/li>\n<li><i class=\"icon-ok\"><\/i><\/li>\n<li><i class=\"icon-ok\"><\/i><\/li>\n<li><i class=\"icon-ok\"><\/i><\/li>\n<\/ul>\n<p><\/div><div class=\"column-end\"><a href=\"#\" class=\"button-outline default\">Buy it!<\/a><\/div><\/div><\/div>\n<div id=\"aq-template-wrapper-965\" class=\"aq-template-wrapper aq_row\"><div id=\"aq-block-965-1\" class=\"aq-block aq-block-aq_clear_block aq_span12 aq-first clearfix\"><hr class=\"aq-block-clear aq-block-hr-single\" style=\"background:#353535;\"\/><div class=\"cf\" style=\"height:5px\"><\/div><\/div><div id=\"aq-block-965-2\" class=\"aq-block aq-block-weve_vertical_space_block aq_span12 aq-first clearfix\"><hr class=\"sep40\"><\/div><div id=\"aq-block-965-3\" class=\"aq-block aq-block-aq_column_block aq_span6 aq-first clearfix\"><div id=\"aq-block-965-4\" class=\"aq-block aq-block-weve_testimonials_block aq_span6 aq-first clearfix\">\t\t\t<div class=\"end-of-content\">\n\t\t\t\t<div class=\"blockquote-slides\">\n                \t\t\t\t\t\t<h2><strong>Z\u00e1kazn\u00edci<\/strong> o n\u00e1s<\/h2>\n                    \t\t\t\t\t<div class=\"flexslider\">\n\t\t\t\t\t\t<ul class=\"slides\">\n\t\t\t\t\t\t                                <li>\n                                    <div class=\"blockquote\">\n                                        <div class=\"author-photo\"><img width=\"120\" height=\"120\" src=\"https:\/\/www.fain-media.cz\/wp-content\/uploads\/2013\/11\/avatar_01.jpg\" class=\" wp-post-image\" alt=\"\" loading=\"lazy\" title=\"John Doe\" srcset=\"https:\/\/www.fain-media.cz\/wp-content\/uploads\/2013\/11\/avatar_01.jpg 120w, https:\/\/www.fain-media.cz\/wp-content\/uploads\/2013\/11\/avatar_01-68x68.jpg 68w\" sizes=\"(max-width: 120px) 100vw, 120px\" \/><\/div>\n                                        <div class=\"quote-content\"><p>Aliquam tincidunt dolor eu <strong>eugiat et fringilla id<\/strong>, volutpat non neque.<\/p>\n<\/div>\n                                        <div class=\"quote-meta\">John Doe<\/div>\n                                    <\/div>\n                                <\/li>\n                                                            <li>\n                                    <div class=\"blockquote\">\n                                        <div class=\"author-photo\"><img width=\"120\" height=\"120\" src=\"https:\/\/www.fain-media.cz\/wp-content\/uploads\/2013\/11\/avatar_02.jpg\" class=\" wp-post-image\" alt=\"\" loading=\"lazy\" title=\"John Doe\" srcset=\"https:\/\/www.fain-media.cz\/wp-content\/uploads\/2013\/11\/avatar_02.jpg 120w, https:\/\/www.fain-media.cz\/wp-content\/uploads\/2013\/11\/avatar_02-68x68.jpg 68w\" sizes=\"(max-width: 120px) 100vw, 120px\" \/><\/div>\n                                        <div class=\"quote-content\"><div>Dolor eu <strong>eugiat et fringilla id<\/strong>, volutpat non neque. Aliquam tincidunt dolor eu lorem.<\/div>\n<\/div>\n                                        <div class=\"quote-meta\">John Doe<\/div>\n                                    <\/div>\n                                <\/li>\n                                                            <li>\n                                    <div class=\"blockquote\">\n                                        <div class=\"author-photo\"><img width=\"120\" height=\"120\" src=\"https:\/\/www.fain-media.cz\/wp-content\/uploads\/2013\/10\/avatar_03.jpg\" class=\" wp-post-image\" alt=\"\" loading=\"lazy\" title=\"John Doe\" srcset=\"https:\/\/www.fain-media.cz\/wp-content\/uploads\/2013\/10\/avatar_03.jpg 120w, https:\/\/www.fain-media.cz\/wp-content\/uploads\/2013\/10\/avatar_03-68x68.jpg 68w\" sizes=\"(max-width: 120px) 100vw, 120px\" \/><\/div>\n                                        <div class=\"quote-content\"><div>Aliquam tincidunt dolor eu <strong>eugiat et fringilla id<\/strong>, volutpat non neque.<\/div>\n<\/div>\n                                        <div class=\"quote-meta\">John Doe<\/div>\n                                    <\/div>\n                                <\/li>\n                            \t\t\t\t\t\t<\/ul>\n\t\t\t\t\t<\/div>\n\t\t\t\t<\/div>\n\t\t\t<\/div>\n\t\t\t<\/div><\/div><div id=\"aq-block-965-5\" class=\"aq-block aq-block-aq_column_block aq_span6  clearfix\"><div id=\"aq-block-965-6\" class=\"aq-block aq-block-weve_posts_block aq_span6 aq-first clearfix\">            <div class=\"end-of-content\">\n\t\t\t\t<div class=\"post-slides\">\n                \t\t\t\t\t\t<h2><strong>Nov\u00e9<\/strong> p\u0159\u00edsp\u011bvky<\/h2>\n                    \t\t\t\t\t<div class=\"flexslider\">\n\t\t\t\t\t\t<ul class=\"slides\">\n\t\t\t\t\t\t                                <li>\n                                    <ul class=\"posts-list clearfix\">\n                                                                        <!-- Small post -->\n                                    <li>\n                                        <div class=\"post-photo\"><img width=\"940\" height=\"350\" src=\"https:\/\/www.fain-media.cz\/wp-content\/uploads\/2013\/10\/post_04.jpg\" class=\" wp-post-image\" alt=\"\" loading=\"lazy\" title=\"Eam id facilisis explicari\" srcset=\"https:\/\/www.fain-media.cz\/wp-content\/uploads\/2013\/10\/post_04.jpg 940w, https:\/\/www.fain-media.cz\/wp-content\/uploads\/2013\/10\/post_04-300x112.jpg 300w, https:\/\/www.fain-media.cz\/wp-content\/uploads\/2013\/10\/post_04-238x89.jpg 238w\" sizes=\"(max-width: 940px) 100vw, 940px\" \/><\/div>\n                                        <div class=\"post-info\">\n                                            <a href=\"https:\/\/www.fain-media.cz\/?p=389\">Eam id facilisis explicari<\/a>\n                                            <div class=\"post-meta clearfix\">22.02.2022<\/div>\n                                        <\/div>\n                                    <\/li>\n                                    <!-- End of small post -->\n                                                                                                    <!-- Small post -->\n                                    <li>\n                                        <div class=\"post-photo\"><\/div>\n                                        <div class=\"post-info\">\n                                            <a href=\"https:\/\/www.fain-media.cz\/?p=1\">Ahoj v\u0161ichni!<\/a>\n                                            <div class=\"post-meta clearfix\">22.02.2022<\/div>\n                                        <\/div>\n                                    <\/li>\n                                    <!-- End of small post -->\n                                                                        <\/ul>\n                                <\/li>\n                                                                                            <li>\n                                    <ul class=\"posts-list clearfix\">\n                                                                        <!-- Small post -->\n                                    <li>\n                                        <div class=\"post-photo\"><img width=\"940\" height=\"350\" src=\"https:\/\/www.fain-media.cz\/wp-content\/uploads\/2013\/10\/post_03.jpg\" class=\" wp-post-image\" alt=\"\" loading=\"lazy\" title=\"Eu eam causae recteque\" srcset=\"https:\/\/www.fain-media.cz\/wp-content\/uploads\/2013\/10\/post_03.jpg 940w, https:\/\/www.fain-media.cz\/wp-content\/uploads\/2013\/10\/post_03-300x112.jpg 300w, https:\/\/www.fain-media.cz\/wp-content\/uploads\/2013\/10\/post_03-238x89.jpg 238w\" sizes=\"(max-width: 940px) 100vw, 940px\" \/><\/div>\n                                        <div class=\"post-info\">\n                                            <a href=\"https:\/\/www.fain-media.cz\/?p=387\">Eu eam causae recteque<\/a>\n                                            <div class=\"post-meta clearfix\">22.02.2022<\/div>\n                                        <\/div>\n                                    <\/li>\n                                    <!-- End of small post -->\n                                                                                                    <!-- Small post -->\n                                    <li>\n                                        <div class=\"post-photo\"><img width=\"940\" height=\"350\" src=\"https:\/\/www.fain-media.cz\/wp-content\/uploads\/2013\/11\/post_02.jpg\" class=\" wp-post-image\" alt=\"\" loading=\"lazy\" title=\"Cu nec debet munere\" srcset=\"https:\/\/www.fain-media.cz\/wp-content\/uploads\/2013\/11\/post_02.jpg 940w, https:\/\/www.fain-media.cz\/wp-content\/uploads\/2013\/11\/post_02-300x112.jpg 300w, https:\/\/www.fain-media.cz\/wp-content\/uploads\/2013\/11\/post_02-238x89.jpg 238w\" sizes=\"(max-width: 940px) 100vw, 940px\" \/><\/div>\n                                        <div class=\"post-info\">\n                                            <a href=\"https:\/\/www.fain-media.cz\/?p=384\">Cu nec debet munere<\/a>\n                                            <div class=\"post-meta clearfix\">22.02.2022<\/div>\n                                        <\/div>\n                                    <\/li>\n                                    <!-- End of small post -->\n                                                                        <\/ul>\n                                <\/li>\n                                                                                            <li>\n                                    <ul class=\"posts-list clearfix\">\n                                                                        <!-- Small post -->\n                                    <li>\n                                        <div class=\"post-photo\"><img width=\"940\" height=\"350\" src=\"https:\/\/www.fain-media.cz\/wp-content\/uploads\/2013\/10\/post_01.jpg\" class=\" wp-post-image\" alt=\"\" loading=\"lazy\" title=\"ius quas congue utinam\" srcset=\"https:\/\/www.fain-media.cz\/wp-content\/uploads\/2013\/10\/post_01.jpg 940w, https:\/\/www.fain-media.cz\/wp-content\/uploads\/2013\/10\/post_01-300x112.jpg 300w, https:\/\/www.fain-media.cz\/wp-content\/uploads\/2013\/10\/post_01-238x89.jpg 238w\" sizes=\"(max-width: 940px) 100vw, 940px\" \/><\/div>\n                                        <div class=\"post-info\">\n                                            <a href=\"https:\/\/www.fain-media.cz\/?p=382\">ius quas congue utinam<\/a>\n                                            <div class=\"post-meta clearfix\">22.02.2022<\/div>\n                                        <\/div>\n                                    <\/li>\n                                    <!-- End of small post -->\n                                                                                                    <!-- Small post -->\n                                    <li>\n                                        <div class=\"post-photo\"><\/div>\n                                        <div class=\"post-info\">\n                                            <a href=\"https:\/\/www.fain-media.cz\/?p=380\">Reque prompta erroribus at<\/a>\n                                            <div class=\"post-meta clearfix\">22.02.2022<\/div>\n                                        <\/div>\n                                    <\/li>\n                                    <!-- End of small post -->\n                                                                        <\/ul>\n                                <\/li>\n                                                            \t\t\t\t\t\t<\/ul>\n\t\t\t\t\t<\/div>\n\t\t\t\t<\/div>\n\t\t\t<\/div>\n\t\t\t<\/div><\/div><\/div>\n<h3><\/h3>\n<h3><\/h3>\n","protected":false},"excerpt":{"rendered":"<p>Donec a lectus lectus. Nullam sed lorem lacus. Aliquam et porttitor velit. Aenean bibendum, mauris id rhoncus egestas, tellus leo imperdiet turpis, ac tincidunt lacus sem vitae nisl. Sed sit amet urna ut neque dapibus imperdiet at at orci. Proin diam lectus, fringilla eu volutpat id, tristique ut nisi. Suspendisse sed nulla sed erat scelerisque [&hellip;]<\/p>\n","protected":false},"author":1,"featured_media":0,"parent":0,"menu_order":0,"comment_status":"open","ping_status":"open","template":"","meta":[],"_links":{"self":[{"href":"https:\/\/www.fain-media.cz\/index.php?rest_route=\/wp\/v2\/pages\/990"}],"collection":[{"href":"https:\/\/www.fain-media.cz\/index.php?rest_route=\/wp\/v2\/pages"}],"about":[{"href":"https:\/\/www.fain-media.cz\/index.php?rest_route=\/wp\/v2\/types\/page"}],"author":[{"embeddable":true,"href":"https:\/\/www.fain-media.cz\/index.php?rest_route=\/wp\/v2\/users\/1"}],"replies":[{"embeddable":true,"href":"https:\/\/www.fain-media.cz\/index.php?rest_route=%2Fwp%2Fv2%2Fcomments&post=990"}],"version-history":[{"count":1,"href":"https:\/\/www.fain-media.cz\/index.php?rest_route=\/wp\/v2\/pages\/990\/revisions"}],"predecessor-version":[{"id":991,"href":"https:\/\/www.fain-media.cz\/index.php?rest_route=\/wp\/v2\/pages\/990\/revisions\/991"}],"wp:attachment":[{"href":"https:\/\/www.fain-media.cz\/index.php?rest_route=%2Fwp%2Fv2%2Fmedia&parent=990"}],"curies":[{"name":"wp","href":"https:\/\/api.w.org\/{rel}","templated":true}]}}