{"id":576,"date":"2015-06-08T12:30:22","date_gmt":"2015-06-08T10:30:22","guid":{"rendered":"http:\/\/www.fain-media.cz\/?page_id=576"},"modified":"2015-06-17T15:02:00","modified_gmt":"2015-06-17T13:02:00","slug":"xxx","status":"publish","type":"page","link":"https:\/\/www.fain-media.cz\/","title":{"rendered":"Hlavn\u00ed strana"},"content":{"rendered":"<div id=\"aq-template-wrapper-528\" class=\"aq-template-wrapper aq_row\"><div id=\"aq-block-528-1\" class=\"aq-block aq-block-weve_textslider_block aq_span12 aq-first clearfix\">            <div class=\"text-slides flexslider\">\n                <ul class=\"slides\">\n                                        <li>\n                            <h3 class=\"intro-header\"><strong>D\u00edky za d\u016fv\u011bru<\/strong> a z\u00e1jem o n\u00e1\u0161 web!<\/h3>\n                            <div class=\"intro\"><p>Od anal\u00fdzy a\u017e po za\u0161kolen\u00ed a n\u00e1slednou podporu, nyn\u00ed za zv\u00fdhodn\u011bnou cenu a s hostingem na jeden rok zdarma.<\/p>\n<p><a class=\"button-outline default\" href=\"http:\/\/themeforest.net\/user\/suelo\/portfolio\">KUP TE\u010e<\/a><a class=\"button-outline grey\" href=\"#\">V\u00cdCE INFORMAC\u00cd<\/a><\/p>\n<\/div>\n                        <\/li>\n                                            <li>\n                            <h3 class=\"intro-header\">Thanks for watching this template!<\/h3>\n                            <div class=\"intro\"><p>Lorem ipsum dolor sit amet, Lorem ipsum dolor sit amet, consectetur adipiscing elit. Donec hendrerit vehicula est, in consequat libero. Lorem ipsum dolor sit amet. Consectetur adipiscing elit.<\/p>\n<p><a class=\"button-outline default\" href=\"http:\/\/themeforest.net\/user\/suelo\/portfolio\">BUY IT<\/a><a class=\"button-outline grey\" href=\"#\">MORE FEATURES<\/a><\/p>\n<\/div>\n                        <\/li>\n                                            <li>\n                            <h3 class=\"intro-header\"><strong>\u0158e\u0161en\u00ed<\/strong> pro obce a m\u011bsta<\/h3>\n                            <div class=\"intro\"><p>Kompletn\u00ed anal\u00fdza obsahu a zvolen\u00ed n\u00e1stroj\u016f pro administraci a prezentaci Va\u0161eho webu a IS.<\/p>\n<p><a class=\"button-outline default\" href=\"http:\/\/themeforest.net\/user\/suelo\/portfolio\">KUB TE\u010e<\/a><a class=\"button-outline grey\" href=\"#\">V\u00cdCE INFORMAC\u00cd<\/a><\/p>\n<\/div>\n                        <\/li>\n                                    <\/ul>\n            <\/div>\n\t\t\t<\/div><div id=\"aq-block-528-2\" class=\"aq-block aq-block-weve_vertical_space_block aq_span12 aq-first clearfix\"><hr class=\"sep40\"><\/div><div id=\"aq-block-528-3\" class=\"aq-block aq-block-weve_work_block aq_span12 aq-first clearfix\">\t\t\t\t<div class=\"project-slides\">\n                \t\t\t\t\t\t<h1>Pod\u00edvejte se <strong>co<\/strong> jsme ud\u011blali!<span>Pot\u011b\u0161te sv\u016fj zrak..<\/span><\/h1>\n                    \t\t\t\t\t<div class=\"jcarousel-control\">\n\t\t\t\t\t\t<a class=\"jcarousel-prev\" href=\"#\"><\/a>\n\t\t\t\t\t\t<a class=\"jcarousel-next\" href=\"#\"><\/a>\n\t\t\t\t\t<\/div>\n\t\t\t\t\t<div class=\"project-carousel\">\n\t\t\t\t\t\t<ul>\n\t\t\t\t\t\t                                <li class=\"project-item green-gradient\">\n                                \t                                    <div class=\"project-image\"><img width=\"1858\" height=\"1056\" src=\"https:\/\/www.fain-media.cz\/wp-content\/uploads\/2013\/12\/zamek-choltice.jpg\" class=\" wp-post-image\" alt=\"\" loading=\"lazy\" title=\"Z\u00e1mek Choltice\" srcset=\"https:\/\/www.fain-media.cz\/wp-content\/uploads\/2013\/12\/zamek-choltice.jpg 1858w, https:\/\/www.fain-media.cz\/wp-content\/uploads\/2013\/12\/zamek-choltice-300x171.jpg 300w, https:\/\/www.fain-media.cz\/wp-content\/uploads\/2013\/12\/zamek-choltice-1024x582.jpg 1024w\" sizes=\"(max-width: 1858px) 100vw, 1858px\" \/><\/div>\n                                                                        <div class=\"project-mask\">\n                                      <a class=\"project-zoom\" href=\"images\/projects\/project_01.jpg\"><i class=\"icon-plus\"><\/i><\/a>\n                                      <h5 class=\"project-title\"><a href=\"https:\/\/www.fain-media.cz\/?weve_work=923\">Z\u00e1mek Choltice<\/a><\/h5>\n                                    <\/div>\n                                <\/li>\n\t\t\t\t\t\t\t                                <li class=\"project-item green-gradient\">\n                                \t                                    <div class=\"project-image\"><img width=\"800\" height=\"455\" src=\"https:\/\/www.fain-media.cz\/wp-content\/uploads\/2013\/12\/zrust.jpg\" class=\" wp-post-image\" alt=\"\" loading=\"lazy\" title=\"Firma Zr\u016fst\" srcset=\"https:\/\/www.fain-media.cz\/wp-content\/uploads\/2013\/12\/zrust.jpg 800w, https:\/\/www.fain-media.cz\/wp-content\/uploads\/2013\/12\/zrust-300x171.jpg 300w\" sizes=\"(max-width: 800px) 100vw, 800px\" \/><\/div>\n                                                                        <div class=\"project-mask\">\n                                      <a class=\"project-zoom\" href=\"images\/projects\/project_01.jpg\"><i class=\"icon-plus\"><\/i><\/a>\n                                      <h5 class=\"project-title\"><a href=\"https:\/\/www.fain-media.cz\/?weve_work=awesome-project-title-6\">Firma Zr\u016fst<\/a><\/h5>\n                                    <\/div>\n                                <\/li>\n\t\t\t\t\t\t\t\t\t\t\t\t\t<\/ul>\n\t\t\t\t\t<\/div>\n\t\t\t\t\t<div class=\"jcarousel-pagination\"><\/div>\n\t\t\t\t<\/div>\n\t\t\t<\/div><div id=\"aq-block-528-4\" class=\"aq-block aq-block-weve_vertical_space_block aq_span12 aq-first clearfix\"><hr class=\"sep40\"><\/div><div id=\"aq-block-528-5\" class=\"aq-block aq-block-weve_clients_block aq_span12 aq-first clearfix\">\t\t\t\t<div class=\"partners-logos\">\n                \t\t\t\t\t\t<h1 class=\"intro-header\">M\u00e1me <i class=\"icon-heart highlighted\"><\/i> pr\u00e1ci pro na\u0161e z\u00e1kazn\u00edky!<\/h1>\n                                        <p class=\"intro\">R\u00e1di s n\u00e1mi spolupracuj\u00ed.<\/p>\n                    \t\t\t\t\t<div class=\"flexslider\">\n\t\t\t\t\t\t<ul class=\"slides\">\n\t\t\t\t\t\t                                <li>\n                                    <ul class=\"partners-logos-list\">\n                                                                        <li class=\"one-sixth\"><img width=\"200\" height=\"176\" src=\"https:\/\/www.fain-media.cz\/wp-content\/uploads\/2015\/06\/zrust.png\" class=\" wp-post-image\" alt=\"\" loading=\"lazy\" title=\"Zr\u016fst Chrudim\" \/><\/li>\n                                                                                                    <li class=\"one-sixth\"><img width=\"125\" height=\"60\" src=\"https:\/\/www.fain-media.cz\/wp-content\/uploads\/2013\/11\/partner-logo_01.jpg\" class=\" wp-post-image\" alt=\"\" loading=\"lazy\" title=\"Suelo\" \/><\/li>\n                                                                                                    <li class=\"one-sixth\"><img width=\"350\" height=\"193\" src=\"https:\/\/www.fain-media.cz\/wp-content\/uploads\/2013\/11\/logomodrahvezda.png\" class=\" wp-post-image\" alt=\"\" loading=\"lazy\" title=\"U modr\u00e9 hv\u011bzdy\" srcset=\"https:\/\/www.fain-media.cz\/wp-content\/uploads\/2013\/11\/logomodrahvezda.png 350w, https:\/\/www.fain-media.cz\/wp-content\/uploads\/2013\/11\/logomodrahvezda-300x165.png 300w\" sizes=\"(max-width: 350px) 100vw, 350px\" \/><\/li>\n                                                                                                    <li class=\"one-sixth\"><img width=\"125\" height=\"60\" src=\"https:\/\/www.fain-media.cz\/wp-content\/uploads\/2013\/11\/partner-logo_02.jpg\" class=\" wp-post-image\" alt=\"\" loading=\"lazy\" title=\"TMT\" \/><\/li>\n                                                                                                    <li class=\"one-sixth\"><img width=\"437\" height=\"116\" src=\"https:\/\/www.fain-media.cz\/wp-content\/uploads\/2013\/11\/logomuzeum.png\" class=\" wp-post-image\" alt=\"\" loading=\"lazy\" title=\"Region\u00e1ln\u00ed muzeum v Chrudimi\" srcset=\"https:\/\/www.fain-media.cz\/wp-content\/uploads\/2013\/11\/logomuzeum.png 437w, https:\/\/www.fain-media.cz\/wp-content\/uploads\/2013\/11\/logomuzeum-300x80.png 300w\" sizes=\"(max-width: 437px) 100vw, 437px\" \/><\/li>\n                                                                                                    <li class=\"one-sixth last-in-row\"><img width=\"125\" height=\"60\" src=\"https:\/\/www.fain-media.cz\/wp-content\/uploads\/2013\/11\/partner-logo_03.jpg\" class=\" wp-post-image\" alt=\"\" loading=\"lazy\" title=\"Pixel\" \/><\/li>\n                                                                        <\/ul>\n                                <\/li>\n                                                                                            <li>\n                                    <ul class=\"partners-logos-list\">\n                                                                        <li class=\"one-sixth\"><img width=\"329\" height=\"115\" src=\"https:\/\/www.fain-media.cz\/wp-content\/uploads\/2013\/11\/obec_moravany.png\" class=\" wp-post-image\" alt=\"\" loading=\"lazy\" title=\"Obec Moravany\" srcset=\"https:\/\/www.fain-media.cz\/wp-content\/uploads\/2013\/11\/obec_moravany.png 329w, https:\/\/www.fain-media.cz\/wp-content\/uploads\/2013\/11\/obec_moravany-300x105.png 300w\" sizes=\"(max-width: 329px) 100vw, 329px\" \/><\/li>\n                                                                                                    <li class=\"one-sixth\"><img width=\"125\" height=\"60\" src=\"https:\/\/www.fain-media.cz\/wp-content\/uploads\/2013\/11\/partner-logo_04.jpg\" class=\" wp-post-image\" alt=\"\" loading=\"lazy\" title=\"Energy\" \/><\/li>\n                                                                                                    <li class=\"one-sixth\"><img width=\"586\" height=\"258\" src=\"https:\/\/www.fain-media.cz\/wp-content\/uploads\/2013\/11\/zamek_choltice1.png\" class=\" wp-post-image\" alt=\"\" loading=\"lazy\" title=\"Z\u00e1mek Choltice\" srcset=\"https:\/\/www.fain-media.cz\/wp-content\/uploads\/2013\/11\/zamek_choltice1.png 586w, https:\/\/www.fain-media.cz\/wp-content\/uploads\/2013\/11\/zamek_choltice1-300x132.png 300w\" sizes=\"(max-width: 586px) 100vw, 586px\" \/><\/li>\n                                                                                                    <li class=\"one-sixth\"><img width=\"125\" height=\"60\" src=\"https:\/\/www.fain-media.cz\/wp-content\/uploads\/2013\/11\/partner-logo_05.jpg\" class=\" wp-post-image\" alt=\"\" loading=\"lazy\" title=\"Brain\" \/><\/li>\n                                                                                                    <li class=\"one-sixth\"><img width=\"130\" height=\"150\" src=\"https:\/\/www.fain-media.cz\/wp-content\/uploads\/2015\/06\/karlovka.png\" class=\" wp-post-image\" alt=\"\" loading=\"lazy\" title=\"Z\u00e1kladn\u00ed \u0161kola Karla IV\" \/><\/li>\n                                                                                                    <li class=\"one-sixth last-in-row\"><img width=\"125\" height=\"60\" src=\"https:\/\/www.fain-media.cz\/wp-content\/uploads\/2013\/11\/partner-logo_06.jpg\" class=\" wp-post-image\" alt=\"\" loading=\"lazy\" title=\"VIP Kids\" \/><\/li>\n                                                                        <\/ul>\n                                <\/li>\n                                                            \t\t\t\t\t\t<\/ul>\n\t\t\t\t\t<\/div>\n\t\t\t\t<\/div>\n\t\t\t<\/div><div id=\"aq-block-528-6\" class=\"aq-block aq-block-weve_vertical_space_block aq_span12 aq-first clearfix\"><hr class=\"sep40\"><\/div><div id=\"aq-block-528-7\" class=\"aq-block aq-block-aq_column_block aq_span6 aq-first clearfix\"><div id=\"aq-block-528-8\" class=\"aq-block aq-block-weve_testimonials_block aq_span6 aq-first clearfix\">\t\t\t<div class=\"end-of-content\">\n\t\t\t\t<div class=\"blockquote-slides\">\n                \t\t\t\t\t\t<h2><strong>Z\u00e1kazn\u00edci<\/strong> o n\u00e1s<\/h2>\n                    \t\t\t\t\t<div class=\"flexslider\">\n\t\t\t\t\t\t<ul class=\"slides\">\n\t\t\t\t\t\t                                <li>\n                                    <div class=\"blockquote\">\n                                        <div class=\"author-photo\"><img width=\"120\" height=\"120\" src=\"https:\/\/www.fain-media.cz\/wp-content\/uploads\/2013\/11\/avatar_01.jpg\" class=\" wp-post-image\" alt=\"\" loading=\"lazy\" title=\"John Doe\" srcset=\"https:\/\/www.fain-media.cz\/wp-content\/uploads\/2013\/11\/avatar_01.jpg 120w, https:\/\/www.fain-media.cz\/wp-content\/uploads\/2013\/11\/avatar_01-68x68.jpg 68w\" sizes=\"(max-width: 120px) 100vw, 120px\" \/><\/div>\n                                        <div class=\"quote-content\"><p>Aliquam tincidunt dolor eu <strong>eugiat et fringilla id<\/strong>, volutpat non neque.<\/p>\n<\/div>\n                                        <div class=\"quote-meta\">John Doe<\/div>\n                                    <\/div>\n                                <\/li>\n                                                            <li>\n                                    <div class=\"blockquote\">\n                                        <div class=\"author-photo\"><img width=\"120\" height=\"120\" src=\"https:\/\/www.fain-media.cz\/wp-content\/uploads\/2013\/11\/avatar_02.jpg\" class=\" wp-post-image\" alt=\"\" loading=\"lazy\" title=\"John Doe\" srcset=\"https:\/\/www.fain-media.cz\/wp-content\/uploads\/2013\/11\/avatar_02.jpg 120w, https:\/\/www.fain-media.cz\/wp-content\/uploads\/2013\/11\/avatar_02-68x68.jpg 68w\" sizes=\"(max-width: 120px) 100vw, 120px\" \/><\/div>\n                                        <div class=\"quote-content\"><div>Dolor eu <strong>eugiat et fringilla id<\/strong>, volutpat non neque. Aliquam tincidunt dolor eu lorem.<\/div>\n<\/div>\n                                        <div class=\"quote-meta\">John Doe<\/div>\n                                    <\/div>\n                                <\/li>\n                                                            <li>\n                                    <div class=\"blockquote\">\n                                        <div class=\"author-photo\"><img width=\"120\" height=\"120\" src=\"https:\/\/www.fain-media.cz\/wp-content\/uploads\/2013\/10\/avatar_03.jpg\" class=\" wp-post-image\" alt=\"\" loading=\"lazy\" title=\"John Doe\" srcset=\"https:\/\/www.fain-media.cz\/wp-content\/uploads\/2013\/10\/avatar_03.jpg 120w, https:\/\/www.fain-media.cz\/wp-content\/uploads\/2013\/10\/avatar_03-68x68.jpg 68w\" sizes=\"(max-width: 120px) 100vw, 120px\" \/><\/div>\n                                        <div class=\"quote-content\"><div>Aliquam tincidunt dolor eu <strong>eugiat et fringilla id<\/strong>, volutpat non neque.<\/div>\n<\/div>\n                                        <div class=\"quote-meta\">John Doe<\/div>\n                                    <\/div>\n                                <\/li>\n                            \t\t\t\t\t\t<\/ul>\n\t\t\t\t\t<\/div>\n\t\t\t\t<\/div>\n\t\t\t<\/div>\n\t\t\t<\/div><\/div><div id=\"aq-block-528-9\" class=\"aq-block aq-block-weve_column_block aq_span6  clearfix\"><div id=\"aq-block-528-10\" class=\"aq-block aq-block-weve_posts_block aq_span6 aq-first clearfix\">            <div class=\"end-of-content\">\n\t\t\t\t<div class=\"post-slides\">\n                \t\t\t\t\t\t<h2><strong>Nov\u00e9<\/strong> p\u0159\u00edsp\u011bvky<\/h2>\n                    \t\t\t\t\t<div class=\"flexslider\">\n\t\t\t\t\t\t<ul class=\"slides\">\n\t\t\t\t\t\t                                <li>\n                                    <ul class=\"posts-list clearfix\">\n                                                                        <!-- Small post -->\n                                    <li>\n                                        <div class=\"post-photo\"><img width=\"940\" height=\"350\" src=\"https:\/\/www.fain-media.cz\/wp-content\/uploads\/2013\/10\/post_04.jpg\" class=\" wp-post-image\" alt=\"\" loading=\"lazy\" title=\"Eam id facilisis explicari\" srcset=\"https:\/\/www.fain-media.cz\/wp-content\/uploads\/2013\/10\/post_04.jpg 940w, https:\/\/www.fain-media.cz\/wp-content\/uploads\/2013\/10\/post_04-300x112.jpg 300w, https:\/\/www.fain-media.cz\/wp-content\/uploads\/2013\/10\/post_04-238x89.jpg 238w\" sizes=\"(max-width: 940px) 100vw, 940px\" \/><\/div>\n                                        <div class=\"post-info\">\n                                            <a href=\"https:\/\/www.fain-media.cz\/?p=389\">Eam id facilisis explicari<\/a>\n                                            <div class=\"post-meta clearfix\">22.02.2022<\/div>\n                                        <\/div>\n                                    <\/li>\n                                    <!-- End of small post -->\n                                                                                                    <!-- Small post -->\n                                    <li>\n                                        <div class=\"post-photo\"><\/div>\n                                        <div class=\"post-info\">\n                                            <a href=\"https:\/\/www.fain-media.cz\/?p=1\">Ahoj v\u0161ichni!<\/a>\n                                            <div class=\"post-meta clearfix\">22.02.2022<\/div>\n                                        <\/div>\n                                    <\/li>\n                                    <!-- End of small post -->\n                                                                        <\/ul>\n                                <\/li>\n                                                                                            <li>\n                                    <ul class=\"posts-list clearfix\">\n                                                                        <!-- Small post -->\n                                    <li>\n                                        <div class=\"post-photo\"><img width=\"940\" height=\"350\" src=\"https:\/\/www.fain-media.cz\/wp-content\/uploads\/2013\/10\/post_03.jpg\" class=\" wp-post-image\" alt=\"\" loading=\"lazy\" title=\"Eu eam causae recteque\" srcset=\"https:\/\/www.fain-media.cz\/wp-content\/uploads\/2013\/10\/post_03.jpg 940w, https:\/\/www.fain-media.cz\/wp-content\/uploads\/2013\/10\/post_03-300x112.jpg 300w, https:\/\/www.fain-media.cz\/wp-content\/uploads\/2013\/10\/post_03-238x89.jpg 238w\" sizes=\"(max-width: 940px) 100vw, 940px\" \/><\/div>\n                                        <div class=\"post-info\">\n                                            <a href=\"https:\/\/www.fain-media.cz\/?p=387\">Eu eam causae recteque<\/a>\n                                            <div class=\"post-meta clearfix\">22.02.2022<\/div>\n                                        <\/div>\n                                    <\/li>\n                                    <!-- End of small post -->\n                                                                \t\t\t\t\t\t\t\t\t<\/ul>\n\t\t\t\t\t\t\t\t<\/li>\n\t\t\t\t\t\t\t\t\t\t\t\t\t\t<\/ul>\n\t\t\t\t\t<\/div>\n\t\t\t\t<\/div>\n\t\t\t<\/div>\n\t\t\t<\/div><\/div><\/div>\n","protected":false},"excerpt":{"rendered":"","protected":false},"author":1,"featured_media":0,"parent":0,"menu_order":0,"comment_status":"open","ping_status":"open","template":"template-home.php","meta":[],"_links":{"self":[{"href":"https:\/\/www.fain-media.cz\/index.php?rest_route=\/wp\/v2\/pages\/576"}],"collection":[{"href":"https:\/\/www.fain-media.cz\/index.php?rest_route=\/wp\/v2\/pages"}],"about":[{"href":"https:\/\/www.fain-media.cz\/index.php?rest_route=\/wp\/v2\/types\/page"}],"author":[{"embeddable":true,"href":"https:\/\/www.fain-media.cz\/index.php?rest_route=\/wp\/v2\/users\/1"}],"replies":[{"embeddable":true,"href":"https:\/\/www.fain-media.cz\/index.php?rest_route=%2Fwp%2Fv2%2Fcomments&post=576"}],"version-history":[{"count":7,"href":"https:\/\/www.fain-media.cz\/index.php?rest_route=\/wp\/v2\/pages\/576\/revisions"}],"predecessor-version":[{"id":935,"href":"https:\/\/www.fain-media.cz\/index.php?rest_route=\/wp\/v2\/pages\/576\/revisions\/935"}],"wp:attachment":[{"href":"https:\/\/www.fain-media.cz\/index.php?rest_route=%2Fwp%2Fv2%2Fmedia&parent=576"}],"curies":[{"name":"wp","href":"https:\/\/api.w.org\/{rel}","templated":true}]}}